{"id":1289,"date":"2025-10-04T16:53:49","date_gmt":"2025-10-04T16:53:49","guid":{"rendered":"https:\/\/bubanovic-catering.de\/?page_id=1289"},"modified":"2025-10-23T16:22:21","modified_gmt":"2025-10-23T16:22:21","slug":"live-grill","status":"publish","type":"page","link":"https:\/\/bubanovic-catering.de\/hr\/live-grill\/","title":{"rendered":"Ro\u0161tilj u\u017eivo"},"content":{"rendered":"<div data-elementor-type=\"wp-page\" data-elementor-id=\"1289\" class=\"elementor elementor-1289\">\n\t\t\t\t<div class=\"elementor-element elementor-element-1ebcaac e-flex e-con-boxed e-con e-parent\" data-id=\"1ebcaac\" data-element_type=\"container\" data-e-type=\"container\" data-settings=\"{&quot;background_background&quot;:&quot;classic&quot;}\">\n\t\t\t\t\t<div class=\"e-con-inner\">\n\t\t<div class=\"elementor-element elementor-element-6ce519f e-flex e-con-boxed e-con e-child\" data-id=\"6ce519f\" data-element_type=\"container\" data-e-type=\"container\" data-settings=\"{&quot;background_background&quot;:&quot;classic&quot;}\">\n\t\t\t\t\t<div class=\"e-con-inner\">\n\t\t\t\t<div class=\"elementor-element elementor-element-f7f4b90 elementor-widget elementor-widget-heading\" data-id=\"f7f4b90\" data-element_type=\"widget\" data-e-type=\"widget\" data-widget_type=\"heading.default\">\n\t\t\t\t\t<h1 class=\"elementor-heading-title elementor-size-default\">Ro\u0161tilj u\u017eivo<\/h1>\t\t\t\t<\/div>\n\t\t\t\t<div class=\"elementor-element elementor-element-9342c41 elementor-widget__width-initial elementor-widget elementor-widget-text-editor\" data-id=\"9342c41\" data-element_type=\"widget\" data-e-type=\"widget\" data-widget_type=\"text-editor.default\">\n\t\t\t\t\t\t\t\t\t<p>Do\u017eivite jedinstvenu atmosferu pravog majstora ro\u0161tilja u\u017eivo! Na\u0161 ro\u0161tilj u\u017eivo donosi svje\u017ee pripremljene delicije pred va\u0161e o\u010di, dodaju\u0107i poseban \u0161arm i interakciju va\u0161em doga\u0111aju.<\/p>\t\t\t\t\t\t\t\t<\/div>\n\t\t\t\t\t<\/div>\n\t\t\t\t<\/div>\n\t\t\t\t\t<\/div>\n\t\t\t\t<\/div>\n\t\t<div class=\"elementor-element elementor-element-06d6079 e-flex e-con-boxed e-con e-parent\" data-id=\"06d6079\" data-element_type=\"container\" data-e-type=\"container\">\n\t\t\t\t\t<div class=\"e-con-inner\">\n\t\t<div class=\"elementor-element elementor-element-34919b7 e-con-full e-flex e-con e-child\" data-id=\"34919b7\" data-element_type=\"container\" data-e-type=\"container\" data-settings=\"{&quot;background_background&quot;:&quot;classic&quot;}\">\n\t\t\t\t<\/div>\n\t\t<div class=\"elementor-element elementor-element-c5586de e-con-full e-flex e-con e-child\" data-id=\"c5586de\" data-element_type=\"container\" data-e-type=\"container\">\n\t\t\t\t<div class=\"elementor-element elementor-element-a8555cd elementor-widget elementor-widget-heading\" data-id=\"a8555cd\" data-element_type=\"widget\" data-e-type=\"widget\" data-widget_type=\"heading.default\">\n\t\t\t\t\t<h1 class=\"elementor-heading-title elementor-size-default\">Va\u0161 privatni ro\u0161tilj majstor\n\n<\/h1>\t\t\t\t<\/div>\n\t\t\t\t<div class=\"elementor-element elementor-element-e293c4e elementor-widget elementor-widget-text-editor\" data-id=\"e293c4e\" data-element_type=\"widget\" data-e-type=\"widget\" data-widget_type=\"text-editor.default\">\n\t\t\t\t\t\t\t\t\t<p>Na\u0161 majstor ro\u0161tiljanja do\u0107i \u0107e direktno k vama i pripremiti jela s ro\u0161tilja prema va\u0161em izboru s na\u0161eg jelovnika.<\/p><p>Svaki zalogaj priprema se s posebnom pa\u017enjom i vrhunskim sastojcima, donose\u0107i autenti\u010dan okus ro\u0161tilja izravno na va\u0161 doga\u0111aj.<\/p>\t\t\t\t\t\t\t\t<\/div>\n\t\t\t\t<\/div>\n\t\t\t\t\t<\/div>\n\t\t\t\t<\/div>\n\t\t<div class=\"elementor-element elementor-element-e0155e5 e-flex e-con-boxed e-con e-parent\" data-id=\"e0155e5\" data-element_type=\"container\" data-e-type=\"container\">\n\t\t\t\t\t<div class=\"e-con-inner\">\n\t\t<div class=\"elementor-element elementor-element-acb7533 e-con-full e-flex e-con e-child\" data-id=\"acb7533\" data-element_type=\"container\" data-e-type=\"container\">\n\t\t<div class=\"elementor-element elementor-element-a297311 e-con-full e-flex e-con e-child\" data-id=\"a297311\" data-element_type=\"container\" data-e-type=\"container\" data-settings=\"{&quot;background_background&quot;:&quot;classic&quot;}\">\n\t\t\t\t<div class=\"elementor-element elementor-element-e54263d elementor-view-default elementor-position-block-start elementor-mobile-position-block-start elementor-widget elementor-widget-icon-box\" data-id=\"e54263d\" data-element_type=\"widget\" data-e-type=\"widget\" data-widget_type=\"icon-box.default\">\n\t\t\t\t\t\t\t<div class=\"elementor-icon-box-wrapper\">\n\n\t\t\t\t\t\t<div class=\"elementor-icon-box-icon\">\n\t\t\t\t<span  class=\"elementor-icon\">\n\t\t\t\t<svg aria-hidden=\"true\" class=\"e-font-icon-svg e-fas-fire-alt\" viewbox=\"0 0 448 512\" xmlns=\"http:\/\/www.w3.org\/2000\/svg\"><path d=\"M323.56 51.2c-20.8 19.3-39.58 39.59-56.22 59.97C240.08 73.62 206.28 35.53 168 0 69.74 91.17 0 209.96 0 281.6 0 408.85 100.29 512 224 512s224-103.15 224-230.4c0-53.27-51.98-163.14-124.44-230.4zm-19.47 340.65C282.43 407.01 255.72 416 226.86 416 154.71 416 96 368.26 96 290.75c0-38.61 24.31-72.63 72.79-130.75 6.93 7.98 98.83 125.34 98.83 125.34l58.63-66.88c4.14 6.85 7.91 13.55 11.27 19.97 27.35 52.19 15.81 118.97-33.43 153.42z\"><\/path><\/svg>\t\t\t\t<\/span>\n\t\t\t<\/div>\n\t\t\t\n\t\t\t\t\t\t<div class=\"elementor-icon-box-content\">\n\n\t\t\t\t\t\t\t\t\t<h3 class=\"elementor-icon-box-title\">\n\t\t\t\t\t\t<span  >\n\t\t\t\t\t\t\tRo\u0161tilj u\u017eivo kao posebna usluga\t\t\t\t\t\t<\/span>\n\t\t\t\t\t<\/h3>\n\t\t\t\t\n\t\t\t\t\t\t\t\t\t<p class=\"elementor-icon-box-description\">\n\t\t\t\t\t\tZa profesionalnu pripremu i dolazak na\u0161eg majstora ro\u0161tilja na va\u0161u lokaciju napla\u0107uje se doplata od 5 eura po osobi, koja se dodaje cijeni odabranog menija.\t\t\t\t\t<\/p>\n\t\t\t\t\n\t\t\t<\/div>\n\t\t\t\n\t\t<\/div>\n\t\t\t\t\t\t<\/div>\n\t\t\t\t<\/div>\n\t\t\t\t<\/div>\n\t\t\t\t\t<\/div>\n\t\t\t\t<\/div>\n\t\t<div class=\"elementor-element elementor-element-7dff4c2 e-flex e-con-boxed e-con e-parent\" data-id=\"7dff4c2\" data-element_type=\"container\" data-e-type=\"container\" data-settings=\"{&quot;background_background&quot;:&quot;classic&quot;}\">\n\t\t\t\t\t<div class=\"e-con-inner\">\n\t\t\t\t<div class=\"elementor-element elementor-element-689ec2f elementor-widget elementor-widget-heading\" data-id=\"689ec2f\" data-element_type=\"widget\" data-e-type=\"widget\" data-widget_type=\"heading.default\">\n\t\t\t\t\t<h2 class=\"elementor-heading-title elementor-size-default\">Rezervirajte svoj catering ve\u0107 danas!<\/h2>\t\t\t\t<\/div>\n\t\t\t\t<div class=\"elementor-element elementor-element-9cf4f0f elementor-widget elementor-widget-text-editor\" data-id=\"9cf4f0f\" data-element_type=\"widget\" data-e-type=\"widget\" data-widget_type=\"text-editor.default\">\n\t\t\t\t\t\t\t\t\t<p>Ako imate dodatnih pitanja ili posebnih zahtjeva, rado \u0107emo vam pomo\u0107i.<\/p><p>Nazovite nas i dogovorite prilago\u0111enu uslugu cateringa:<\/p>\t\t\t\t\t\t\t\t<\/div>\n\t\t\t\t<div class=\"elementor-element elementor-element-0868f37 elementor-align-center elementor-widget elementor-widget-button\" data-id=\"0868f37\" data-element_type=\"widget\" data-e-type=\"widget\" data-widget_type=\"button.default\">\n\t\t\t\t\t\t\t\t\t\t<a class=\"elementor-button elementor-button-link elementor-size-sm\" href=\"tel:+4915121653486\">\n\t\t\t\t\t\t<span class=\"elementor-button-content-wrapper\">\n\t\t\t\t\t\t\t\t\t<span class=\"elementor-button-text\">Nazovi<\/span>\n\t\t\t\t\t<\/span>\n\t\t\t\t\t<\/a>\n\t\t\t\t\t\t\t\t<\/div>\n\t\t\t\t\t<\/div>\n\t\t\t\t<\/div>\n\t\t\t\t<\/div>","protected":false},"excerpt":{"rendered":"<p>Live-Grill Erleben Sie die einzigartige Atmosph\u00e4re eines echten Live-Grillmeisters! Unser Live-Barbecue bringt frisch zubereitete K\u00f6stlichkeiten direkt vor Ihren Augen hervor, die Ihrem Event einen besonderen Charme und Interaktion verleihen. Ihr privater Grillmeister Unser Grillmeister kommt direkt zu Ihnen und bereitet Gerichte vom Grill nach Ihrer Auswahl aus unserem Angebot zu. Jeder Bissen wird mit besonderer [&hellip;]<\/p>\n","protected":false},"author":1,"featured_media":0,"parent":0,"menu_order":0,"comment_status":"closed","ping_status":"closed","template":"","meta":{"site-sidebar-layout":"no-sidebar","site-content-layout":"","ast-site-content-layout":"full-width-container","site-content-style":"default","site-sidebar-style":"default","ast-global-header-display":"","ast-banner-title-visibility":"","ast-main-header-display":"","ast-hfb-above-header-display":"","ast-hfb-below-header-display":"","ast-hfb-mobile-header-display":"","site-post-title":"disabled","ast-breadcrumbs-content":"","ast-featured-img":"disabled","footer-sml-layout":"","ast-disable-related-posts":"","theme-transparent-header-meta":"disabled","adv-header-id-meta":"","stick-header-meta":"","header-above-stick-meta":"","header-main-stick-meta":"","header-below-stick-meta":"","astra-migrate-meta-layouts":"default","ast-page-background-enabled":"default","ast-page-background-meta":{"desktop":{"background-color":"var(--ast-global-color-4)","background-image":"","background-repeat":"repeat","background-position":"center center","background-size":"auto","background-attachment":"scroll","background-type":"","background-media":"","overlay-type":"","overlay-color":"","overlay-opacity":"","overlay-gradient":""},"tablet":{"background-color":"","background-image":"","background-repeat":"repeat","background-position":"center center","background-size":"auto","background-attachment":"scroll","background-type":"","background-media":"","overlay-type":"","overlay-color":"","overlay-opacity":"","overlay-gradient":""},"mobile":{"background-color":"","background-image":"","background-repeat":"repeat","background-position":"center center","background-size":"auto","background-attachment":"scroll","background-type":"","background-media":"","overlay-type":"","overlay-color":"","overlay-opacity":"","overlay-gradient":""}},"ast-content-background-meta":{"desktop":{"background-color":"var(--ast-global-color-5)","background-image":"","background-repeat":"repeat","background-position":"center center","background-size":"auto","background-attachment":"scroll","background-type":"","background-media":"","overlay-type":"","overlay-color":"","overlay-opacity":"","overlay-gradient":""},"tablet":{"background-color":"var(--ast-global-color-5)","background-image":"","background-repeat":"repeat","background-position":"center center","background-size":"auto","background-attachment":"scroll","background-type":"","background-media":"","overlay-type":"","overlay-color":"","overlay-opacity":"","overlay-gradient":""},"mobile":{"background-color":"var(--ast-global-color-5)","background-image":"","background-repeat":"repeat","background-position":"center center","background-size":"auto","background-attachment":"scroll","background-type":"","background-media":"","overlay-type":"","overlay-color":"","overlay-opacity":"","overlay-gradient":""}},"footnotes":""},"class_list":["post-1289","page","type-page","status-publish","hentry"],"yoast_head":"<!-- This site is optimized with the Yoast SEO plugin v27.3 - https:\/\/yoast.com\/product\/yoast-seo-wordpress\/ -->\n<title>Ro\u0161tilj u\u017eivo - catering<\/title>\n<meta name=\"robots\" content=\"index, follow, max-snippet:-1, max-image-preview:large, max-video-preview:-1\" \/>\n<link rel=\"canonical\" href=\"https:\/\/bubanovic-catering.de\/hr\/live-grill\/\" \/>\n<meta property=\"og:locale\" content=\"hr_HR\" \/>\n<meta property=\"og:type\" content=\"article\" \/>\n<meta property=\"og:title\" content=\"Ro\u0161tilj u\u017eivo - catering\" \/>\n<meta property=\"og:description\" content=\"Live-Grill Erleben Sie die einzigartige Atmosph\u00e4re eines echten Live-Grillmeisters! Unser Live-Barbecue bringt frisch zubereitete K\u00f6stlichkeiten direkt vor Ihren Augen hervor, die Ihrem Event einen besonderen Charme und Interaktion verleihen. Ihr privater Grillmeister Unser Grillmeister kommt direkt zu Ihnen und bereitet Gerichte vom Grill nach Ihrer Auswahl aus unserem Angebot zu. Jeder Bissen wird mit besonderer [&hellip;]\" \/>\n<meta property=\"og:url\" content=\"https:\/\/bubanovic-catering.de\/hr\/live-grill\/\" \/>\n<meta property=\"og:site_name\" content=\"catering\" \/>\n<meta property=\"article:modified_time\" content=\"2025-10-23T16:22:21+00:00\" \/>\n<meta name=\"twitter:card\" content=\"summary_large_image\" \/>\n<meta name=\"twitter:label1\" content=\"Procijenjeno vrijeme \u010ditanja\" \/>\n\t<meta name=\"twitter:data1\" content=\"1 minuta\" \/>\n<script type=\"application\/ld+json\" class=\"yoast-schema-graph\">{\"@context\":\"https:\\\/\\\/schema.org\",\"@graph\":[{\"@type\":\"WebPage\",\"@id\":\"https:\\\/\\\/bubanovic-catering.de\\\/live-grill\\\/\",\"url\":\"https:\\\/\\\/bubanovic-catering.de\\\/live-grill\\\/\",\"name\":\"Ro\u0161tilj u\u017eivo - catering\",\"isPartOf\":{\"@id\":\"https:\\\/\\\/bubanovic-catering.de\\\/#website\"},\"datePublished\":\"2025-10-04T16:53:49+00:00\",\"dateModified\":\"2025-10-23T16:22:21+00:00\",\"breadcrumb\":{\"@id\":\"https:\\\/\\\/bubanovic-catering.de\\\/live-grill\\\/#breadcrumb\"},\"inLanguage\":\"hr\",\"potentialAction\":[{\"@type\":\"ReadAction\",\"target\":[\"https:\\\/\\\/bubanovic-catering.de\\\/live-grill\\\/\"]}]},{\"@type\":\"BreadcrumbList\",\"@id\":\"https:\\\/\\\/bubanovic-catering.de\\\/live-grill\\\/#breadcrumb\",\"itemListElement\":[{\"@type\":\"ListItem\",\"position\":1,\"name\":\"Startseite\",\"item\":\"https:\\\/\\\/bubanovic-catering.de\\\/\"},{\"@type\":\"ListItem\",\"position\":2,\"name\":\"Ro\u0161tilj u\u017eivo\"}]},{\"@type\":\"WebSite\",\"@id\":\"https:\\\/\\\/bubanovic-catering.de\\\/#website\",\"url\":\"https:\\\/\\\/bubanovic-catering.de\\\/\",\"name\":\"catering\",\"description\":\"Just another WordPress site\",\"publisher\":{\"@id\":\"https:\\\/\\\/bubanovic-catering.de\\\/#organization\"},\"potentialAction\":[{\"@type\":\"SearchAction\",\"target\":{\"@type\":\"EntryPoint\",\"urlTemplate\":\"https:\\\/\\\/bubanovic-catering.de\\\/?s={search_term_string}\"},\"query-input\":{\"@type\":\"PropertyValueSpecification\",\"valueRequired\":true,\"valueName\":\"search_term_string\"}}],\"inLanguage\":\"hr\"},{\"@type\":\"Organization\",\"@id\":\"https:\\\/\\\/bubanovic-catering.de\\\/#organization\",\"name\":\"catering\",\"url\":\"https:\\\/\\\/bubanovic-catering.de\\\/\",\"logo\":{\"@type\":\"ImageObject\",\"inLanguage\":\"hr\",\"@id\":\"https:\\\/\\\/bubanovic-catering.de\\\/#\\\/schema\\\/logo\\\/image\\\/\",\"url\":\"https:\\\/\\\/bubanovic-catering.de\\\/wp-content\\\/uploads\\\/2025\\\/10\\\/Group-496.svg\",\"contentUrl\":\"https:\\\/\\\/bubanovic-catering.de\\\/wp-content\\\/uploads\\\/2025\\\/10\\\/Group-496.svg\",\"width\":186,\"height\":106,\"caption\":\"catering\"},\"image\":{\"@id\":\"https:\\\/\\\/bubanovic-catering.de\\\/#\\\/schema\\\/logo\\\/image\\\/\"}}]}<\/script>\n<!-- \/ Yoast SEO plugin. -->","yoast_head_json":{"title":"Ro\u0161tilj u\u017eivo - catering","robots":{"index":"index","follow":"follow","max-snippet":"max-snippet:-1","max-image-preview":"max-image-preview:large","max-video-preview":"max-video-preview:-1"},"canonical":"https:\/\/bubanovic-catering.de\/hr\/live-grill\/","og_locale":"hr_HR","og_type":"article","og_title":"Ro\u0161tilj u\u017eivo - catering","og_description":"Live-Grill Erleben Sie die einzigartige Atmosph\u00e4re eines echten Live-Grillmeisters! Unser Live-Barbecue bringt frisch zubereitete K\u00f6stlichkeiten direkt vor Ihren Augen hervor, die Ihrem Event einen besonderen Charme und Interaktion verleihen. Ihr privater Grillmeister Unser Grillmeister kommt direkt zu Ihnen und bereitet Gerichte vom Grill nach Ihrer Auswahl aus unserem Angebot zu. Jeder Bissen wird mit besonderer [&hellip;]","og_url":"https:\/\/bubanovic-catering.de\/hr\/live-grill\/","og_site_name":"catering","article_modified_time":"2025-10-23T16:22:21+00:00","twitter_card":"summary_large_image","twitter_misc":{"Procijenjeno vrijeme \u010ditanja":"1 minuta"},"schema":{"@context":"https:\/\/schema.org","@graph":[{"@type":"WebPage","@id":"https:\/\/bubanovic-catering.de\/live-grill\/","url":"https:\/\/bubanovic-catering.de\/live-grill\/","name":"Ro\u0161tilj u\u017eivo - catering","isPartOf":{"@id":"https:\/\/bubanovic-catering.de\/#website"},"datePublished":"2025-10-04T16:53:49+00:00","dateModified":"2025-10-23T16:22:21+00:00","breadcrumb":{"@id":"https:\/\/bubanovic-catering.de\/live-grill\/#breadcrumb"},"inLanguage":"hr","potentialAction":[{"@type":"ReadAction","target":["https:\/\/bubanovic-catering.de\/live-grill\/"]}]},{"@type":"BreadcrumbList","@id":"https:\/\/bubanovic-catering.de\/live-grill\/#breadcrumb","itemListElement":[{"@type":"ListItem","position":1,"name":"Startseite","item":"https:\/\/bubanovic-catering.de\/"},{"@type":"ListItem","position":2,"name":"Ro\u0161tilj u\u017eivo"}]},{"@type":"WebSite","@id":"https:\/\/bubanovic-catering.de\/#website","url":"https:\/\/bubanovic-catering.de\/","name":"catering","description":"Just another WordPress site","publisher":{"@id":"https:\/\/bubanovic-catering.de\/#organization"},"potentialAction":[{"@type":"SearchAction","target":{"@type":"EntryPoint","urlTemplate":"https:\/\/bubanovic-catering.de\/?s={search_term_string}"},"query-input":{"@type":"PropertyValueSpecification","valueRequired":true,"valueName":"search_term_string"}}],"inLanguage":"hr"},{"@type":"Organization","@id":"https:\/\/bubanovic-catering.de\/#organization","name":"catering","url":"https:\/\/bubanovic-catering.de\/","logo":{"@type":"ImageObject","inLanguage":"hr","@id":"https:\/\/bubanovic-catering.de\/#\/schema\/logo\/image\/","url":"https:\/\/bubanovic-catering.de\/wp-content\/uploads\/2025\/10\/Group-496.svg","contentUrl":"https:\/\/bubanovic-catering.de\/wp-content\/uploads\/2025\/10\/Group-496.svg","width":186,"height":106,"caption":"catering"},"image":{"@id":"https:\/\/bubanovic-catering.de\/#\/schema\/logo\/image\/"}}]}},"_links":{"self":[{"href":"https:\/\/bubanovic-catering.de\/hr\/wp-json\/wp\/v2\/pages\/1289","targetHints":{"allow":["GET"]}}],"collection":[{"href":"https:\/\/bubanovic-catering.de\/hr\/wp-json\/wp\/v2\/pages"}],"about":[{"href":"https:\/\/bubanovic-catering.de\/hr\/wp-json\/wp\/v2\/types\/page"}],"author":[{"embeddable":true,"href":"https:\/\/bubanovic-catering.de\/hr\/wp-json\/wp\/v2\/users\/1"}],"replies":[{"embeddable":true,"href":"https:\/\/bubanovic-catering.de\/hr\/wp-json\/wp\/v2\/comments?post=1289"}],"version-history":[{"count":38,"href":"https:\/\/bubanovic-catering.de\/hr\/wp-json\/wp\/v2\/pages\/1289\/revisions"}],"predecessor-version":[{"id":1748,"href":"https:\/\/bubanovic-catering.de\/hr\/wp-json\/wp\/v2\/pages\/1289\/revisions\/1748"}],"wp:attachment":[{"href":"https:\/\/bubanovic-catering.de\/hr\/wp-json\/wp\/v2\/media?parent=1289"}],"curies":[{"name":"wp","href":"https:\/\/api.w.org\/{rel}","templated":true}]}}